{"id":17942,"date":"2023-04-06T13:30:53","date_gmt":"2023-04-06T11:30:53","guid":{"rendered":"https:\/\/www.mgw-berlin.de\/privacy\/"},"modified":"2023-09-11T12:24:27","modified_gmt":"2023-09-11T10:24:27","slug":"privacy","status":"publish","type":"page","link":"https:\/\/www.mgw-berlin.de\/en\/privacy\/","title":{"rendered":"Privacy"},"content":{"rendered":"\t\t<div data-elementor-type=\"wp-page\" data-elementor-id=\"17942\" class=\"elementor elementor-17942 elementor-457\" data-elementor-post-type=\"page\">\n\t\t\t\t\t\t<section class=\"elementor-section elementor-top-section elementor-element elementor-element-77477041 elementor-section-boxed elementor-section-height-default elementor-section-height-default\" data-id=\"77477041\" data-element_type=\"section\" data-e-type=\"section\">\n\t\t\t\t\t\t<div class=\"elementor-container elementor-column-gap-default\">\n\t\t\t\t\t<div class=\"elementor-column elementor-col-100 elementor-top-column elementor-element elementor-element-16e29397\" data-id=\"16e29397\" data-element_type=\"column\" data-e-type=\"column\">\n\t\t\t<div class=\"elementor-widget-wrap elementor-element-populated\">\n\t\t\t\t\t\t<div class=\"elementor-element elementor-element-59fbf569 elementor-widget elementor-widget-text-editor\" data-id=\"59fbf569\" data-element_type=\"widget\" data-e-type=\"widget\" data-widget_type=\"text-editor.default\">\n\t\t\t\t<div class=\"elementor-widget-container\">\n\t\t\t\t\t\t\t\t\t<p><\/p>\n<h2><strong>Privacy statement<\/strong><\/h2>\n<p><\/p>\n<p>Datenschutzerkl\u00e4rung f\u00fcr das Internet-Angebot der MGW Gleis- und Weichenbau-GmbH &amp; Co. KG.<\/p>\n<p><\/p>\n<p>Verantwortlicher im Sinne des Art. 4 Nr.7 DS-GVO ist:<\/p>\n<p><\/p>\n<p>MGW Gleis- und Weichenbau-GmbH &amp; Co. KG<br>Warschauer Stra\u00dfe 38, 10243 Berlin<br>Telefon: +49 30 293009-0<br>Faxnummer: +49 30 293009-25<br>E-Mail: <a href=\"mailto:info@mgw-berlin.de\">info@mgw-berlin.de<\/a><\/p>\n<p><\/p>\n<p>Der Datenschutzbeauftragte der MGW Gleis- und Weichenbau-GmbH &amp; Co. KG ist unter der E-Mail-Adresse: <a href=\"mailto:datenschutz@mgw-berlin.de\">datenschutz@mgw-berlin.de<\/a> und unter der o.g. Postadresse der MGW Gleis- und Weichenbau-GmbH &amp; Co. KG mit dem Zusatz \u201eDatenschutzbeauftragter\u201c erreichbar.<\/p><p><br><\/p>\n<p><\/p>\n<h2><strong>Information \u00fcber die Verarbeitung personenbezogener Daten<\/strong><\/h2>\n<p><\/p>\n<p>Bei jedem Aufruf der Webseite www.www.mgw-berlin.de erfasst das System ohne Ihr Zutun automatisiert Daten und Informationen vom Computersystem des aufrufenden Rechners. Diese Informationen werden tempor\u00e4r in einem sogenannten Logfile gespeichert. Folgende Informationen werden dabei bis zur automatisierten L\u00f6schung gespeichert:<\/p>\n<p><\/p>\n<ul>\n<li>IP-Adresse des anfragenden Rechners,<\/li>\n<li>Datum und Uhrzeit der Serveranfrage,<\/li>\n<li>Name und URL der abgerufenen Datei,<\/li>\n<li>die Seite, von der aus die Datei angefordert wurde (sog. Referrer URL),<\/li>\n<li>Browsertyp und Browserversion,<\/li>\n<li>das verwendetes Betriebssystem,<\/li>\n<li>Hostname des zugreifenden Rechners.<\/li>\n<\/ul>\n<p><br><\/p><p>Der Zweck der Datenverarbeitung ist die Bereitstellung der Webseite. Rechtsgrundlage f\u00fcr die Datenverarbeitung ist Art.&nbsp;6 Abs.&nbsp;1 S. 1lit.&nbsp;f DS-GVO. Das berechtigte Interesse der MGW Gleis- und Weichenbau-GmbH &amp; Co. KG folgt aus dem Zweck zur Datenerhebung. In keinem Fall verwendet die MGW Gleis- und Weichenbau-GmbH &amp; Co. KG die erhobenen Daten zu dem Zweck, R\u00fcckschl\u00fcsse auf Ihre Person zu ziehen.<\/p>\n<p><\/p>\n<p>Bei Ihrer Kontaktaufnahme mit der MGW Gleis- und Weichenbau-GmbH &amp; Co. KG per E-Mail oder \u00fcber ein Kontaktformular, werden die von Ihnen mitgeteilten Daten (Name, E-Mail-Adresse, Ihre Nachricht und gegebenenfalls weitere Angaben) an die MGW Gleis- und Weichenbau-GmbH &amp; Co. KG \u00fcbermittelt und verarbeitet. Die Verarbeitung der von Ihnen freiwillig \u00fcbermittelten personenbezogenen Daten dient der MGW Gleis- und Weichenbau-GmbH &amp; Co. KG allein zur Bearbeitung Ihrer Kontaktaufnahme. Rechtsgrundlage ist Art.&nbsp;6 Abs.&nbsp;1 S. 1 lit.&nbsp;f DS-GVO. Zielt die Kontaktaufnahme auf die Abgabe eines Angebotes oder auf den Abschluss eines Vertrages ab, so ist zus\u00e4tzliche Rechtsgrundlage f\u00fcr die Verarbeitung Art.&nbsp;6 Abs.&nbsp;1 S. 1 lit.&nbsp;b DS-GVO. Im Falle einer Kontaktaufnahme liegt hieran auch das erforderliche berechtigte Interesse der MGW Gleis- und Weichenbau-GmbH &amp; Co. KG an der Verarbeitung der Daten. Die in diesem Zusammenhang anfallenden Daten werden von der MGW Gleis- und Weichenbau-GmbH &amp; Co. KG gel\u00f6scht, nachdem die Speicherung nicht mehr erforderlich ist, sofern keine anderslautenden gesetzlichen Verpflichtungen (z.B. Aufbewahrungspflichten gem. HGB) entgegenstehen.<\/p>\n<p><\/p>\n<p>Die MGW Gleis- und Weichenbau-GmbH &amp; Co. KG setzt auf ihrer Webseite Cookies ein.<\/p>\n<p><\/p>\n<p>Hierbei handelt es sich um kleine Dateien, die Ihr Browser automatisch erstellt und die auf Ihrem Endger\u00e4t gespeichert werden, wenn Sie die Webseite der MGW Gleis- und Weichenbau-GmbH &amp; Co. KG besuchen.<\/p>\n<p><\/p>\n<p>In dem Cookie werden Informationen abgelegt, die sich jeweils im Zusammenhang mit dem spezifisch eingesetzten Endger\u00e4t ergeben. Die MGW Gleis- und Weichenbau-GmbH &amp; Co. KG erh\u00e4lt dadurch jedoch keine unmittelbare Kenntnis von Ihrer Identit\u00e4t.<\/p>\n<p><\/p>\n<p>Die MGW Gleis- und Weichenbau-GmbH &amp; Co. KG setzt sogenannte Session-Cookies ein, um zu erkennen, dass Sie einzelne Seiten unserer Website bereits besucht haben. Der Einsatz von Cookies dient dazu, die Nutzung der Webseite f\u00fcr Sie angenehmer zu gestalten. Diese Cookies werden nach Verlassen unserer Webseite automatisch gel\u00f6scht.<\/p>\n<p><\/p>\n<p>Dar\u00fcber hinaus setzt die MGW Gleis- und Weichenbau-GmbH &amp; Co. KG, ebenfalls zur Optimierung der Benutzerfreundlichkeit ihrer Webseite, tempor\u00e4re Cookies ein, die f\u00fcr einen bestimmten festgelegten Zeitraum auf Ihrem Endger\u00e4t gespeichert werden. Besuchen Sie unsere Seite erneut, um unsere Dienste in Anspruch zu nehmen, wird automatisch erkannt, dass Sie bereits bei uns waren und welche Eingaben und Einstellungen sie get\u00e4tigt haben, damit Sie diese Eingaben nicht noch einmal t\u00e4tigen m\u00fcssen.<\/p>\n<p><\/p>\n<p>Die durch Cookies verarbeiteten Daten sind f\u00fcr die genannten Zwecke zur Wahrung unserer berechtigten Interessen nach Art.&nbsp;6 Abs.&nbsp;1 S.&nbsp;1 lit.&nbsp;f DS-GVO erforderlich.<\/p>\n<p><\/p>\n<p>Die meisten Browser akzeptieren Cookies automatisch. Wenn Sie die Verwendung von Cookies durch unsere Webseite auf Ihrem Computer nicht w\u00fcnschen, k\u00f6nnen Sie Ihren Browser so konfigurieren, dass keine Cookies auf Ihrem Computer gespeichert werden oder stets ein Hinweis erscheint, bevor ein neuer Cookie angelegt wird. Die vollst\u00e4ndige Deaktivierung von Cookies kann dazu f\u00fchren, dass Sie nicht alle Funktionen unserer Website nutzen k\u00f6nnen.<\/p><p><br><\/p>\n<p><\/p>\n<h2><strong>Weitergabe von Daten<\/strong><\/h2>\n<p><\/p>\n<p>Eine \u00dcbermittlung Ihrer personenbezogenen Daten an Dritte zu anderen als den im Folgenden aufgef\u00fchrten Zwecken findet nicht statt. Die MGW Gleis- und Weichenbau-GmbH &amp; Co. KG gibt Ihre personenbezogenen Daten nur an Dritte weiter, wenn:<\/p>\n<p><\/p>\n<ul>\n<li>Sie Ihre nach Art.&nbsp;6 Abs.&nbsp;1 S. 1 lit.&nbsp;a DS-GVO ausdr\u00fcckliche Einwilligung dazu erteilt haben,<\/li>\n<li>die Weitergabe nach Art.&nbsp;6 Abs.&nbsp;1 S. 1 lit.&nbsp;f DS-GVO zur Wahrung der berechtigten Interessen der MGW Gleis- und Weichenbau-GmbH &amp; Co. KG oder eines Dritten erforderlich ist und kein Grund zur Annahme besteht, dass Sie ein \u00fcberwiegendes schutzw\u00fcrdiges Interesse an der Nichtweitergabe Ihrer Daten haben,<\/li>\n<li>f\u00fcr den Fall, dass f\u00fcr die Weitergabe nach Art.&nbsp;6 Abs.&nbsp;1 S. 1 lit.&nbsp;c DS-GVO eine gesetzliche Verpflichtung besteht, sowie<\/li>\n<li>dies gesetzlich zul\u00e4ssig und nach Art.&nbsp;6 Abs.&nbsp;1 S.1 lit.&nbsp;b DS-GVO f\u00fcr die Abwicklung von Vertragsverh\u00e4ltnissen mit Ihnen erforderlich ist.<\/li>\n<\/ul><div><br><\/div>\n<h2><strong>Ihre Rechte<\/strong><\/h2>\n<p><\/p>\n<p>In Bezug auf die Verarbeitung Ihrer personenbezogenen Daten k\u00f6nnen Sie von der MGW Gleis- und Weichenbau-GmbH &amp; Co. KG Auskunft \u00fcber Ihre personenbezogenen Daten gem. Art. 15 DS-GVO, Berichtigung Ihrer personenbezogenen Daten gem. Art. 16 DS-GVO, L\u00f6schung Ihrer personenbezogenen Daten gem. Art. 17 DS-GVO und gem. Art. 18 DS-GVO Einschr\u00e4nkung der Verarbeitung Ihrer personenbezogenen Daten verlangen. Gem. Art. 20 DS-GVO haben Sie das Recht, Ihre der MGW Gleis- und Weichenbau-GmbH &amp; Co. KG zur Verf\u00fcgung gestellten Daten auf einen Dritten \u00fcbertragen zu lassen. Sofern Sie uns eine Einwilligung erteilt haben, k\u00f6nnen Sie diese jederzeit mit Wirkung f\u00fcr die Zukunft widerrufen.<\/p>\n<p><\/p>\n<p>Die oben genannten Rechte k\u00f6nnen Sie gegen\u00fcber der MGW Gleis- und Weichenbau-GmbH &amp; Co. KG unentgeltlich \u00fcber die E-Mail-Adresse: <a href=\"mailto:info@mgw-berlin.de\">info@mgw-berlin.de<\/a>. oder \u00fcber die folgenden Kontaktdaten geltend machen:<\/p>\n<p><\/p>\n<p>MGW Gleis- und Weichenbau-GmbH &amp; Co. KG<br>Warschauer Stra\u00dfe 38<br>10243 Berlin<br>Faxnummer: +49 30 293009-25<\/p><p><br><\/p>\n<p><\/p>\n<h2><strong>Widerspruchsrecht<\/strong><\/h2>\n<p><\/p>\n<p>Nehmen Sie \u00fcber ein Kontaktformular oder per E-Mail Kontakt mit der MGW Gleis- und Weichenbau-GmbH &amp; Co. KG auf, so k\u00f6nnen Sie der Verarbeitung Ihrer personenbezogenen Daten jederzeit gem. Art. 21 DS-GVO widersprechen. M\u00f6chten Sie von Ihrem Widerspruchsrecht Gebrauch machen, gen\u00fcgt eine E-Mail an <a href=\"mailto:info@mgw-berlin.de\">info@mgw-berlin.de<\/a>.<\/p>\n<p><\/p>\n<p>In einem solchen Fall kann die Konversation nicht fortgef\u00fchrt werden, es sei denn, die MGW Gleis- und Weichenbau-GmbH &amp; Co. KG kann zwingende schutzw\u00fcrdige Gr\u00fcnde f\u00fcr die Verarbeitung nachweisen, oder die Verarbeitung dient der Geltendmachung, Aus\u00fcbung oder Verteidigung von Rechtsanspr\u00fcchen.<\/p><p><br><\/p>\n<p><\/p>\n<h2><strong>Verwendung von Google Maps<\/strong><\/h2>\n<p><\/p>\n<p>Die MGW Gleis- und Weichenbau-GmbH &amp; Co. KG verwendet auf ihrer Webseite Google Maps API, um geographische Informationen visuell darzustellen. Bei der Nutzung von Google Maps werden von Google auch Daten \u00fcber die Nutzung der Kartenfunktionen durch Besucher erhoben und verarbeitet. N\u00e4here Informationen \u00fcber die Datenverarbeitung durch Google k\u00f6nnen Sie den Google-Datenschutzhinweisen (<a href=\"https:\/\/policies.google.com\/privacy?hl=de\">https:\/\/policies.google.com\/privacy?hl=de)<\/a>&nbsp;entnehmen. Sie k\u00f6nnen dort im Datenschutzcenter Ihre pers\u00f6nlichen Datenschutz-Einstellungen ver\u00e4ndern. Ausf\u00fchrliche Anleitungen zur Verwaltung der eigenen Daten im Zusammenhang mit Google-Produkten finden Sie hier&nbsp;<a href=\"https:\/\/support.google.com\/accounts\/answer\/3024190\">https:\/\/support.google.com\/accounts\/answer\/3024190<\/a>&nbsp;.<\/p><p><br><\/p>\n<h2>VERWENDUNG VON GOOGLE Analystics<\/h2>\n<p>Auf unseren Webseiten nutzen wir Google Analytics, ein Webanalysedienst der Google Inc. (https:\/\/www.google.de\/intl\/de\/about\/) (1600 Amphitheatre Parkway, Mountain View, CA 94043, USA; im Folgenden \u201eGoogle\u201c). In diesem Zusammenhang werden pseudonymisierte Nutzungsprofile erstellt und Cookies (siehe unter Ziff. 4) verwendet. Die durch den Cookie erzeugten Informationen \u00fcber Ihre Benutzung dieser Website wie<\/p>\n<p><\/p>\n<ul>\n<li><span style=\"color: var( --e-global-color-text ); font-family: var( --e-global-typography-text-font-family ), Sans-serif; font-size: var( --e-global-typography-text-font-size ); font-weight: var( --e-global-typography-text-font-weight ); word-spacing: var( --e-global-typography-text-word-spacing );\">Browser-Typ\/-Version,&nbsp;<\/span><\/li>\n<li><span style=\"background-color: transparent; color: var( --e-global-color-text ); font-family: var( --e-global-typography-text-font-family ), Sans-serif; font-weight: var( --e-global-typography-text-font-weight ); word-spacing: var( --e-global-typography-text-word-spacing );\">verwendetes Betriebssystem,<\/span><\/li>\n<li>Referrer-URL (die zuvor besuchte Seite),<\/li>\n<li>Hostname des zugreifenden Rechners (IP-Adresse),<\/li>\n<li>Uhrzeit der Serveranfrage,<\/li>\n<\/ul>\n<p><br><\/p><p>werden an einen Server von Google in den USA \u00fcbertragen und dort gespeichert. Die Informationen werden verwendet, um die Nutzung der Website auszuwerten, um Reports \u00fcber die Websiteaktivit\u00e4ten zusammenzustellen und um weitere mit der Websitenutzung und der Internetnutzung verbundene Dienstleistungen zu Zwecken der Marktforschung und bedarfsgerechten Gestaltung dieser Internetseiten zu erbringen. Auch werden diese Informationen gegebenenfalls an Dritte \u00fcbertragen, sofern dies gesetzlich vorgeschrieben ist oder soweit Dritte diese Daten im Auftrag verarbeiten. Es wird in keinem Fall Ihre IP-Adresse mit anderen Daten von Google zusammengef\u00fchrt. Die IP-Adressen werden anonymisiert, so dass eine Zuordnung nicht m\u00f6glich ist (IP-Masking).<\/p>\n<p>Sie k\u00f6nnen die Installation der Cookies durch eine entsprechende Einstellung der Browser-Software verhindern; wir weisen jedoch darauf hin, dass in diesem Fall gegebenenfalls nicht s\u00e4mtliche Funktionen dieser Website vollumf\u00e4nglich genutzt werden k\u00f6nnen.<\/p>\n<p>Die Nutzung von Google Analytics erfolgt im Interesse der Optimierung und bedarfsgerechten Gestaltung unserer Internetseite. Dies stellt ein berechtigtes Interesse im Sinne von Art. 6 Abs. 1 lit. f DS-GVO dar.&nbsp;<\/p>\n<p>Sie k\u00f6nnen dar\u00fcber hinaus die Erfassung der durch das Cookie erzeugten und auf Ihre Nutzung der Website bezogenen Daten (inkl. Ihrer IP-Adresse) sowie die Verarbeitung dieser Daten durch Google verhindern, indem Sie ein Browser-Add-on herunterladen und installieren (https:\/\/tools.google.com\/dlpage\/gaoptout?hl=de).<\/p>\n<p>Alternativ zum Browser-Add-on, insbesondere bei Browsern auf mobilen Endger\u00e4ten, k\u00f6nnen Sie die Erfassung durch Google Analytics zudem verhindern, indem Sie auf den folgenden Link klicken: Google Analytics deaktivieren. Es wird ein Opt-out-Cookie gesetzt, das die zuk\u00fcnftige Erfassung Ihrer Daten beim Besuch dieser Website verhindert. Der Opt-out-Cookie gilt nur in diesem Browser und nur f\u00fcr unsere Website und wird auf Ihrem Ger\u00e4t abgelegt. L\u00f6schen Sie die Cookies in diesem Browser, m\u00fcssen Sie das Opt-out-Cookie erneut setzen.<\/p>\n<p>Weitere Informationen zum Datenschutz im Zusammenhang mit Google Analytics finden Sie etwa in der Google Analytics-Hilfe (https:\/\/support.google.com\/analytics\/answer\/6004245?hl=de).<\/p><p><br><\/p>\n<p><\/p>\n<h2><strong>Recht auf Beschwerde bei einer Aufsichtsbeh\u00f6rde<\/strong><\/h2>\n<p><\/p>\n<p>Sie haben gem. Art. 77 DS-GVO zudem das Recht, sich bei einer Datenschutz-Aufsichtsbeh\u00f6rde \u00fcber die Verarbeitung Ihrer personenbezogenen Daten durch die MGW Gleis- und Weichenbau-GmbH &amp; Co. KG zu beschweren, wenn Sie der Ansicht ist, dass die Verarbeitung der Sie betreffenden personenbezogenen Daten gegen die Datenschutz-Grundverordnung verst\u00f6\u00dft.<\/p>\n<p><\/p>\n<p>Diese Datenschutzerkl\u00e4rung hat den Stand Mai 2018.<\/p><p><br><\/p>\n<p><\/p>\t\t\t\t\t\t\t\t<\/div>\n\t\t\t\t<\/div>\n\t\t\t\t\t<\/div>\n\t\t<\/div>\n\t\t\t\t\t<\/div>\n\t\t<\/section>\n\t\t\t\t<\/div>\n\t\t","protected":false},"excerpt":{"rendered":"<p>Privacy statement Datenschutzerkl\u00e4rung f\u00fcr das Internet-Angebot der MGW Gleis- und Weichenbau-GmbH &amp; Co. KG. Verantwortlicher im Sinne des Art. 4 Nr.7 DS-GVO ist: MGW Gleis- und Weichenbau-GmbH &amp; Co. KGWarschauer Stra\u00dfe 38, 10243 BerlinTelefon: +49 30 293009-0Faxnummer: +49 30 293009-25E-Mail: info@mgw-berlin.de Der Datenschutzbeauftragte der MGW Gleis- und Weichenbau-GmbH &amp; Co. KG ist unter der E-Mail-Adresse: [&hellip;]<\/p>\n","protected":false},"author":5,"featured_media":0,"parent":0,"menu_order":6,"comment_status":"closed","ping_status":"closed","template":"","meta":{"inline_featured_image":false,"footnotes":""},"class_list":["post-17942","page","type-page","status-publish","hentry"],"yoast_head":"<!-- This site is optimized with the Yoast SEO plugin v27.5 - https:\/\/yoast.com\/product\/yoast-seo-wordpress\/ -->\n<title>Privacy - MGW Gleis- und Weichenbau-GmbH &amp; Co. KG<\/title>\n<meta name=\"description\" content=\"Privacy statement Datenschutzerkl\u00e4rung f\u00fcr das Internet-Angebot der MGW Gleis- und Weichenbau-GmbH &amp; Co. KG. Verantwortlicher im Sinne des Art. 4 Nr.7\" \/>\n<meta name=\"robots\" content=\"index, follow, max-snippet:-1, max-image-preview:large, max-video-preview:-1\" \/>\n<link rel=\"canonical\" href=\"https:\/\/www.mgw-berlin.de\/en\/privacy\/\" \/>\n<meta property=\"og:locale\" content=\"en_US\" \/>\n<meta property=\"og:type\" content=\"article\" \/>\n<meta property=\"og:title\" content=\"Privacy - MGW Gleis- und Weichenbau-GmbH &amp; Co. KG\" \/>\n<meta property=\"og:description\" content=\"Privacy statement Datenschutzerkl\u00e4rung f\u00fcr das Internet-Angebot der MGW Gleis- und Weichenbau-GmbH &amp; Co. KG. Verantwortlicher im Sinne des Art. 4 Nr.7\" \/>\n<meta property=\"og:url\" content=\"https:\/\/www.mgw-berlin.de\/en\/privacy\/\" \/>\n<meta property=\"og:site_name\" content=\"MGW Gleis- und Weichenbau-GmbH &amp; Co. KG\" \/>\n<meta property=\"article:modified_time\" content=\"2023-09-11T10:24:27+00:00\" \/>\n<meta property=\"og:image\" content=\"https:\/\/www.mgw-berlin.de\/wp-content\/uploads\/mgw_open_graph.jpg\" \/>\n\t<meta property=\"og:image:width\" content=\"1200\" \/>\n\t<meta property=\"og:image:height\" content=\"630\" \/>\n\t<meta property=\"og:image:type\" content=\"image\/jpeg\" \/>\n<meta name=\"twitter:card\" content=\"summary_large_image\" \/>\n<meta name=\"twitter:label1\" content=\"Est. reading time\" \/>\n\t<meta name=\"twitter:data1\" content=\"7 minutes\" \/>\n<script type=\"application\/ld+json\" class=\"yoast-schema-graph\">{\"@context\":\"https:\\\/\\\/schema.org\",\"@graph\":[{\"@type\":\"WebPage\",\"@id\":\"https:\\\/\\\/www.mgw-berlin.de\\\/en\\\/privacy\\\/\",\"url\":\"https:\\\/\\\/www.mgw-berlin.de\\\/en\\\/privacy\\\/\",\"name\":\"Privacy - MGW Gleis- und Weichenbau-GmbH &amp; Co. KG\",\"isPartOf\":{\"@id\":\"https:\\\/\\\/www.mgw-berlin.de\\\/en\\\/#website\"},\"datePublished\":\"2023-04-06T11:30:53+00:00\",\"dateModified\":\"2023-09-11T10:24:27+00:00\",\"description\":\"Privacy statement Datenschutzerkl\u00e4rung f\u00fcr das Internet-Angebot der MGW Gleis- und Weichenbau-GmbH &amp; Co. KG. Verantwortlicher im Sinne des Art. 4 Nr.7\",\"breadcrumb\":{\"@id\":\"https:\\\/\\\/www.mgw-berlin.de\\\/en\\\/privacy\\\/#breadcrumb\"},\"inLanguage\":\"en-US\",\"potentialAction\":[{\"@type\":\"ReadAction\",\"target\":[\"https:\\\/\\\/www.mgw-berlin.de\\\/en\\\/privacy\\\/\"]}]},{\"@type\":\"BreadcrumbList\",\"@id\":\"https:\\\/\\\/www.mgw-berlin.de\\\/en\\\/privacy\\\/#breadcrumb\",\"itemListElement\":[{\"@type\":\"ListItem\",\"position\":1,\"name\":\"Startseite\",\"item\":\"https:\\\/\\\/www.mgw-berlin.de\\\/en\\\/\"},{\"@type\":\"ListItem\",\"position\":2,\"name\":\"Privacy\"}]},{\"@type\":\"WebSite\",\"@id\":\"https:\\\/\\\/www.mgw-berlin.de\\\/en\\\/#website\",\"url\":\"https:\\\/\\\/www.mgw-berlin.de\\\/en\\\/\",\"name\":\"MGW Gleis- und Weichenbau-GmbH & Co. KG\",\"description\":\"\",\"publisher\":{\"@id\":\"https:\\\/\\\/www.mgw-berlin.de\\\/en\\\/#organization\"},\"potentialAction\":[{\"@type\":\"SearchAction\",\"target\":{\"@type\":\"EntryPoint\",\"urlTemplate\":\"https:\\\/\\\/www.mgw-berlin.de\\\/en\\\/?s={search_term_string}\"},\"query-input\":{\"@type\":\"PropertyValueSpecification\",\"valueRequired\":true,\"valueName\":\"search_term_string\"}}],\"inLanguage\":\"en-US\"},{\"@type\":\"Organization\",\"@id\":\"https:\\\/\\\/www.mgw-berlin.de\\\/en\\\/#organization\",\"name\":\"MGW Gleis- und Weichenbau-GmbH & Co. KG\",\"url\":\"https:\\\/\\\/www.mgw-berlin.de\\\/en\\\/\",\"logo\":{\"@type\":\"ImageObject\",\"inLanguage\":\"en-US\",\"@id\":\"https:\\\/\\\/www.mgw-berlin.de\\\/en\\\/#\\\/schema\\\/logo\\\/image\\\/\",\"url\":\"https:\\\/\\\/www.mgw-berlin.de\\\/wp-content\\\/uploads\\\/2023\\\/04\\\/logo-mgw.png\",\"contentUrl\":\"https:\\\/\\\/www.mgw-berlin.de\\\/wp-content\\\/uploads\\\/2023\\\/04\\\/logo-mgw.png\",\"width\":432,\"height\":114,\"caption\":\"MGW Gleis- und Weichenbau-GmbH & Co. KG\"},\"image\":{\"@id\":\"https:\\\/\\\/www.mgw-berlin.de\\\/en\\\/#\\\/schema\\\/logo\\\/image\\\/\"}}]}<\/script>\n<!-- \/ Yoast SEO plugin. -->","yoast_head_json":{"title":"Privacy - MGW Gleis- und Weichenbau-GmbH &amp; Co. KG","description":"Privacy statement Datenschutzerkl\u00e4rung f\u00fcr das Internet-Angebot der MGW Gleis- und Weichenbau-GmbH &amp; Co. KG. Verantwortlicher im Sinne des Art. 4 Nr.7","robots":{"index":"index","follow":"follow","max-snippet":"max-snippet:-1","max-image-preview":"max-image-preview:large","max-video-preview":"max-video-preview:-1"},"canonical":"https:\/\/www.mgw-berlin.de\/en\/privacy\/","og_locale":"en_US","og_type":"article","og_title":"Privacy - MGW Gleis- und Weichenbau-GmbH &amp; Co. KG","og_description":"Privacy statement Datenschutzerkl\u00e4rung f\u00fcr das Internet-Angebot der MGW Gleis- und Weichenbau-GmbH &amp; Co. KG. Verantwortlicher im Sinne des Art. 4 Nr.7","og_url":"https:\/\/www.mgw-berlin.de\/en\/privacy\/","og_site_name":"MGW Gleis- und Weichenbau-GmbH &amp; Co. KG","article_modified_time":"2023-09-11T10:24:27+00:00","og_image":[{"width":1200,"height":630,"url":"https:\/\/www.mgw-berlin.de\/wp-content\/uploads\/mgw_open_graph.jpg","type":"image\/jpeg"}],"twitter_card":"summary_large_image","twitter_misc":{"Est. reading time":"7 minutes"},"schema":{"@context":"https:\/\/schema.org","@graph":[{"@type":"WebPage","@id":"https:\/\/www.mgw-berlin.de\/en\/privacy\/","url":"https:\/\/www.mgw-berlin.de\/en\/privacy\/","name":"Privacy - MGW Gleis- und Weichenbau-GmbH &amp; Co. KG","isPartOf":{"@id":"https:\/\/www.mgw-berlin.de\/en\/#website"},"datePublished":"2023-04-06T11:30:53+00:00","dateModified":"2023-09-11T10:24:27+00:00","description":"Privacy statement Datenschutzerkl\u00e4rung f\u00fcr das Internet-Angebot der MGW Gleis- und Weichenbau-GmbH &amp; Co. KG. Verantwortlicher im Sinne des Art. 4 Nr.7","breadcrumb":{"@id":"https:\/\/www.mgw-berlin.de\/en\/privacy\/#breadcrumb"},"inLanguage":"en-US","potentialAction":[{"@type":"ReadAction","target":["https:\/\/www.mgw-berlin.de\/en\/privacy\/"]}]},{"@type":"BreadcrumbList","@id":"https:\/\/www.mgw-berlin.de\/en\/privacy\/#breadcrumb","itemListElement":[{"@type":"ListItem","position":1,"name":"Startseite","item":"https:\/\/www.mgw-berlin.de\/en\/"},{"@type":"ListItem","position":2,"name":"Privacy"}]},{"@type":"WebSite","@id":"https:\/\/www.mgw-berlin.de\/en\/#website","url":"https:\/\/www.mgw-berlin.de\/en\/","name":"MGW Gleis- und Weichenbau-GmbH & Co. KG","description":"","publisher":{"@id":"https:\/\/www.mgw-berlin.de\/en\/#organization"},"potentialAction":[{"@type":"SearchAction","target":{"@type":"EntryPoint","urlTemplate":"https:\/\/www.mgw-berlin.de\/en\/?s={search_term_string}"},"query-input":{"@type":"PropertyValueSpecification","valueRequired":true,"valueName":"search_term_string"}}],"inLanguage":"en-US"},{"@type":"Organization","@id":"https:\/\/www.mgw-berlin.de\/en\/#organization","name":"MGW Gleis- und Weichenbau-GmbH & Co. KG","url":"https:\/\/www.mgw-berlin.de\/en\/","logo":{"@type":"ImageObject","inLanguage":"en-US","@id":"https:\/\/www.mgw-berlin.de\/en\/#\/schema\/logo\/image\/","url":"https:\/\/www.mgw-berlin.de\/wp-content\/uploads\/2023\/04\/logo-mgw.png","contentUrl":"https:\/\/www.mgw-berlin.de\/wp-content\/uploads\/2023\/04\/logo-mgw.png","width":432,"height":114,"caption":"MGW Gleis- und Weichenbau-GmbH & Co. KG"},"image":{"@id":"https:\/\/www.mgw-berlin.de\/en\/#\/schema\/logo\/image\/"}}]}},"_links":{"self":[{"href":"https:\/\/www.mgw-berlin.de\/en\/wp-json\/wp\/v2\/pages\/17942","targetHints":{"allow":["GET"]}}],"collection":[{"href":"https:\/\/www.mgw-berlin.de\/en\/wp-json\/wp\/v2\/pages"}],"about":[{"href":"https:\/\/www.mgw-berlin.de\/en\/wp-json\/wp\/v2\/types\/page"}],"author":[{"embeddable":true,"href":"https:\/\/www.mgw-berlin.de\/en\/wp-json\/wp\/v2\/users\/5"}],"replies":[{"embeddable":true,"href":"https:\/\/www.mgw-berlin.de\/en\/wp-json\/wp\/v2\/comments?post=17942"}],"version-history":[{"count":5,"href":"https:\/\/www.mgw-berlin.de\/en\/wp-json\/wp\/v2\/pages\/17942\/revisions"}],"predecessor-version":[{"id":17960,"href":"https:\/\/www.mgw-berlin.de\/en\/wp-json\/wp\/v2\/pages\/17942\/revisions\/17960"}],"wp:attachment":[{"href":"https:\/\/www.mgw-berlin.de\/en\/wp-json\/wp\/v2\/media?parent=17942"}],"curies":[{"name":"wp","href":"https:\/\/api.w.org\/{rel}","templated":true}]}}