{"id":17944,"date":"2023-04-06T13:57:54","date_gmt":"2023-04-06T11:57:54","guid":{"rendered":"https:\/\/www.mgw-berlin.de\/imprint\/"},"modified":"2023-09-11T14:39:01","modified_gmt":"2023-09-11T12:39:01","slug":"imprint","status":"publish","type":"page","link":"https:\/\/www.mgw-berlin.de\/en\/imprint\/","title":{"rendered":"Imprint"},"content":{"rendered":"\n<p>Informationen zum Herausgeber und zur Verantwortlichkeit f\u00fcr den Inhalt dieser Seiten.<\/p>\n\n\n\n<p>Verantwortlich f\u00fcr den Inhalt:<br>MGW Gleis- und Weichenbau-GmbH &amp; Co. KG<br>Warschauer Stra\u00dfe 38<br>D-10243 Berlin<\/p>\n\n\n\n<p>Tel.: +49 30 293009-0<br>E-Mail: <a href=\"mailto:info@mgw-berlin.de\">info@mgw-berlin.de<\/a><\/p>\n\n\n\n<p>Gesch\u00e4ftsf\u00fchrer: Dipl.-Ing. Stefan Br\u00fchn<\/p>\n\n\n\n<p>P.h.G. MGW Gleis- und Weichenbau-Verwaltungsgesellschaft mbH Berlin<br>Amtsgericht Berlin-Charlottenburg: HRB 56426<\/p>\n\n\n\n<p>UID-Nr. (gem\u00e4\u00df \u00a7 27a Umsatzsteuergesetz): DE 173 976 153<\/p>\n\n\n\n<p><\/p>\n\n\n\n<h2 class=\"wp-block-heading\">HAFTUNGSAUSSCHLUSS<\/h2>\n\n\n\n<h3 class=\"wp-block-heading\" id=\"605\"><strong>Verweise und Links<\/strong><\/h3>\n\n\n\n<p>MGW Gleis- und Weichenbau-GmbH &amp; Co. KG \u00fcbernimmt keinerlei Haftung bei Verweisen auf fremde Internetseiten.<br>Sie erkl\u00e4rt ausdr\u00fccklich, dass zum Zeitpunkt der Verlinkung die entsprechenden Seiten frei von illegalen Inhalten waren und<br>distanziert sich vorsorglich von allen Inhalten gelinkter Seiten, die nach der Verkn\u00fcpfung ver\u00e4ndert wurden.<\/p>\n\n\n\n<p><\/p>\n\n\n\n<h3 class=\"wp-block-heading\"><strong>Copyright<\/strong><\/h3>\n\n\n\n<p>Struktur und Inhalt der Internet-Seiten der MGW Gleis- und Weichenbau-GmbH &amp; Co. KG sind urheberrechtlich gesch\u00fctzt.<br>Die Vervielf\u00e4ltigung von Informationen oder Daten, insbesondere die Verwendung von Texten, Textteilen oder Bildmaterial bedarf unserer vorherigen Zustimmung. Die im Internetauftritt verwendeten Marken und Logos sind gesch\u00fctzt. Es ist nicht erlaubt, diese Marken oder Logos ohne vorherige Zustimmung der MGW Gleis- und Weichenbau-GmbH &amp; Co. KG zu nutzen. Links auf unsere Internetseiten sind nur nach vorheriger Zustimmung zul\u00e4ssig.<\/p>\n\n\n\n<p><\/p>\n\n\n\n<h3 class=\"wp-block-heading\"><strong>Informationen<\/strong><\/h3>\n\n\n\n<p>Die unter der Seite www.www.mgw-berlin.de ver\u00f6ffentlichten Informationen werden ohne jegliche Gew\u00e4hr ver\u00f6ffentlicht.<br>\u00c4nderungen und Irrt\u00fcmer vorbehalten.<\/p>\n\n\n\n<p><\/p>\n\n\n\n<h3 class=\"wp-block-heading\"><strong>Widerspruch Werbe-Mails<\/strong><\/h3>\n\n\n\n<p>Der Nutzung von im Rahmen der Impressumspflicht ver\u00f6ffentlichten Kontaktdaten zur \u00dcbersendung von nicht ausdr\u00fccklich angeforderter Werbung und Informationsmaterialien wird hiermit widersprochen. Die Betreiber der Seiten behalten sich ausdr\u00fccklich rechtliche Schritte im Falle der unverlangten Zusendung von Werbeinformationen, etwa durch Spam-E-Mails, vor.<\/p>\n\n\n\n<div style=\"height:30px\" aria-hidden=\"true\" class=\"wp-block-spacer\"><\/div>\n\n\n\n<h2 class=\"wp-block-heading\">Konzeption, Design und technische Umsetzung<\/h2>\n\n\n\n<p>UVA Kommunikation und Medien GmbH<br><a href=\"http:\/\/www.uva.de\" target=\"_blank\" rel=\"noreferrer noopener\">www.uva.de<\/a><\/p>\n","protected":false},"excerpt":{"rendered":"<p>Informationen zum Herausgeber und zur Verantwortlichkeit f\u00fcr den Inhalt dieser Seiten. Verantwortlich f\u00fcr den Inhalt:MGW Gleis- und Weichenbau-GmbH &amp; Co. KGWarschauer Stra\u00dfe 38D-10243 Berlin Tel.: +49 30 293009-0E-Mail: info@mgw-berlin.de Gesch\u00e4ftsf\u00fchrer: Dipl.-Ing. Stefan Br\u00fchn P.h.G. MGW Gleis- und Weichenbau-Verwaltungsgesellschaft mbH BerlinAmtsgericht Berlin-Charlottenburg: HRB 56426 UID-Nr. (gem\u00e4\u00df \u00a7 27a Umsatzsteuergesetz): DE 173 976 153 HAFTUNGSAUSSCHLUSS Verweise und [&hellip;]<\/p>\n","protected":false},"author":5,"featured_media":0,"parent":0,"menu_order":5,"comment_status":"closed","ping_status":"closed","template":"","meta":{"inline_featured_image":false,"footnotes":""},"class_list":["post-17944","page","type-page","status-publish","hentry"],"yoast_head":"<!-- This site is optimized with the Yoast SEO plugin v27.4 - https:\/\/yoast.com\/product\/yoast-seo-wordpress\/ -->\n<title>Imprint - MGW Gleis- und Weichenbau-GmbH &amp; Co. KG<\/title>\n<meta name=\"description\" content=\"Informationen zum Herausgeber und zur Verantwortlichkeit f\u00fcr den Inhalt dieser Seiten. Verantwortlich f\u00fcr den Inhalt:MGW Gleis- und Weichenbau-GmbH &amp;\" \/>\n<meta name=\"robots\" content=\"index, follow, max-snippet:-1, max-image-preview:large, max-video-preview:-1\" \/>\n<link rel=\"canonical\" href=\"https:\/\/www.mgw-berlin.de\/en\/imprint\/\" \/>\n<meta property=\"og:locale\" content=\"en_US\" \/>\n<meta property=\"og:type\" content=\"article\" \/>\n<meta property=\"og:title\" content=\"Imprint - MGW Gleis- und Weichenbau-GmbH &amp; Co. KG\" \/>\n<meta property=\"og:description\" content=\"Informationen zum Herausgeber und zur Verantwortlichkeit f\u00fcr den Inhalt dieser Seiten. Verantwortlich f\u00fcr den Inhalt:MGW Gleis- und Weichenbau-GmbH &amp;\" \/>\n<meta property=\"og:url\" content=\"https:\/\/www.mgw-berlin.de\/en\/imprint\/\" \/>\n<meta property=\"og:site_name\" content=\"MGW Gleis- und Weichenbau-GmbH &amp; Co. KG\" \/>\n<meta property=\"article:modified_time\" content=\"2023-09-11T12:39:01+00:00\" \/>\n<meta property=\"og:image\" content=\"https:\/\/www.mgw-berlin.de\/wp-content\/uploads\/mgw_open_graph.jpg\" \/>\n\t<meta property=\"og:image:width\" content=\"1200\" \/>\n\t<meta property=\"og:image:height\" content=\"630\" \/>\n\t<meta property=\"og:image:type\" content=\"image\/jpeg\" \/>\n<meta name=\"twitter:card\" content=\"summary_large_image\" \/>\n<meta name=\"twitter:label1\" content=\"Est. reading time\" \/>\n\t<meta name=\"twitter:data1\" content=\"2 minutes\" \/>\n<script type=\"application\/ld+json\" class=\"yoast-schema-graph\">{\"@context\":\"https:\\\/\\\/schema.org\",\"@graph\":[{\"@type\":\"WebPage\",\"@id\":\"https:\\\/\\\/www.mgw-berlin.de\\\/en\\\/imprint\\\/\",\"url\":\"https:\\\/\\\/www.mgw-berlin.de\\\/en\\\/imprint\\\/\",\"name\":\"Imprint - MGW Gleis- und Weichenbau-GmbH &amp; Co. KG\",\"isPartOf\":{\"@id\":\"https:\\\/\\\/www.mgw-berlin.de\\\/en\\\/#website\"},\"datePublished\":\"2023-04-06T11:57:54+00:00\",\"dateModified\":\"2023-09-11T12:39:01+00:00\",\"description\":\"Informationen zum Herausgeber und zur Verantwortlichkeit f\u00fcr den Inhalt dieser Seiten. Verantwortlich f\u00fcr den Inhalt:MGW Gleis- und Weichenbau-GmbH &amp;\",\"breadcrumb\":{\"@id\":\"https:\\\/\\\/www.mgw-berlin.de\\\/en\\\/imprint\\\/#breadcrumb\"},\"inLanguage\":\"en-US\",\"potentialAction\":[{\"@type\":\"ReadAction\",\"target\":[\"https:\\\/\\\/www.mgw-berlin.de\\\/en\\\/imprint\\\/\"]}]},{\"@type\":\"BreadcrumbList\",\"@id\":\"https:\\\/\\\/www.mgw-berlin.de\\\/en\\\/imprint\\\/#breadcrumb\",\"itemListElement\":[{\"@type\":\"ListItem\",\"position\":1,\"name\":\"Startseite\",\"item\":\"https:\\\/\\\/www.mgw-berlin.de\\\/en\\\/\"},{\"@type\":\"ListItem\",\"position\":2,\"name\":\"Imprint\"}]},{\"@type\":\"WebSite\",\"@id\":\"https:\\\/\\\/www.mgw-berlin.de\\\/en\\\/#website\",\"url\":\"https:\\\/\\\/www.mgw-berlin.de\\\/en\\\/\",\"name\":\"MGW Gleis- und Weichenbau-GmbH & Co. KG\",\"description\":\"\",\"publisher\":{\"@id\":\"https:\\\/\\\/www.mgw-berlin.de\\\/en\\\/#organization\"},\"potentialAction\":[{\"@type\":\"SearchAction\",\"target\":{\"@type\":\"EntryPoint\",\"urlTemplate\":\"https:\\\/\\\/www.mgw-berlin.de\\\/en\\\/?s={search_term_string}\"},\"query-input\":{\"@type\":\"PropertyValueSpecification\",\"valueRequired\":true,\"valueName\":\"search_term_string\"}}],\"inLanguage\":\"en-US\"},{\"@type\":\"Organization\",\"@id\":\"https:\\\/\\\/www.mgw-berlin.de\\\/en\\\/#organization\",\"name\":\"MGW Gleis- und Weichenbau-GmbH & Co. KG\",\"url\":\"https:\\\/\\\/www.mgw-berlin.de\\\/en\\\/\",\"logo\":{\"@type\":\"ImageObject\",\"inLanguage\":\"en-US\",\"@id\":\"https:\\\/\\\/www.mgw-berlin.de\\\/en\\\/#\\\/schema\\\/logo\\\/image\\\/\",\"url\":\"https:\\\/\\\/www.mgw-berlin.de\\\/wp-content\\\/uploads\\\/2023\\\/04\\\/logo-mgw.png\",\"contentUrl\":\"https:\\\/\\\/www.mgw-berlin.de\\\/wp-content\\\/uploads\\\/2023\\\/04\\\/logo-mgw.png\",\"width\":432,\"height\":114,\"caption\":\"MGW Gleis- und Weichenbau-GmbH & Co. KG\"},\"image\":{\"@id\":\"https:\\\/\\\/www.mgw-berlin.de\\\/en\\\/#\\\/schema\\\/logo\\\/image\\\/\"}}]}<\/script>\n<!-- \/ Yoast SEO plugin. -->","yoast_head_json":{"title":"Imprint - MGW Gleis- und Weichenbau-GmbH &amp; Co. KG","description":"Informationen zum Herausgeber und zur Verantwortlichkeit f\u00fcr den Inhalt dieser Seiten. Verantwortlich f\u00fcr den Inhalt:MGW Gleis- und Weichenbau-GmbH &amp;","robots":{"index":"index","follow":"follow","max-snippet":"max-snippet:-1","max-image-preview":"max-image-preview:large","max-video-preview":"max-video-preview:-1"},"canonical":"https:\/\/www.mgw-berlin.de\/en\/imprint\/","og_locale":"en_US","og_type":"article","og_title":"Imprint - MGW Gleis- und Weichenbau-GmbH &amp; Co. KG","og_description":"Informationen zum Herausgeber und zur Verantwortlichkeit f\u00fcr den Inhalt dieser Seiten. Verantwortlich f\u00fcr den Inhalt:MGW Gleis- und Weichenbau-GmbH &amp;","og_url":"https:\/\/www.mgw-berlin.de\/en\/imprint\/","og_site_name":"MGW Gleis- und Weichenbau-GmbH &amp; Co. KG","article_modified_time":"2023-09-11T12:39:01+00:00","og_image":[{"width":1200,"height":630,"url":"https:\/\/www.mgw-berlin.de\/wp-content\/uploads\/mgw_open_graph.jpg","type":"image\/jpeg"}],"twitter_card":"summary_large_image","twitter_misc":{"Est. reading time":"2 minutes"},"schema":{"@context":"https:\/\/schema.org","@graph":[{"@type":"WebPage","@id":"https:\/\/www.mgw-berlin.de\/en\/imprint\/","url":"https:\/\/www.mgw-berlin.de\/en\/imprint\/","name":"Imprint - MGW Gleis- und Weichenbau-GmbH &amp; Co. KG","isPartOf":{"@id":"https:\/\/www.mgw-berlin.de\/en\/#website"},"datePublished":"2023-04-06T11:57:54+00:00","dateModified":"2023-09-11T12:39:01+00:00","description":"Informationen zum Herausgeber und zur Verantwortlichkeit f\u00fcr den Inhalt dieser Seiten. Verantwortlich f\u00fcr den Inhalt:MGW Gleis- und Weichenbau-GmbH &amp;","breadcrumb":{"@id":"https:\/\/www.mgw-berlin.de\/en\/imprint\/#breadcrumb"},"inLanguage":"en-US","potentialAction":[{"@type":"ReadAction","target":["https:\/\/www.mgw-berlin.de\/en\/imprint\/"]}]},{"@type":"BreadcrumbList","@id":"https:\/\/www.mgw-berlin.de\/en\/imprint\/#breadcrumb","itemListElement":[{"@type":"ListItem","position":1,"name":"Startseite","item":"https:\/\/www.mgw-berlin.de\/en\/"},{"@type":"ListItem","position":2,"name":"Imprint"}]},{"@type":"WebSite","@id":"https:\/\/www.mgw-berlin.de\/en\/#website","url":"https:\/\/www.mgw-berlin.de\/en\/","name":"MGW Gleis- und Weichenbau-GmbH & Co. KG","description":"","publisher":{"@id":"https:\/\/www.mgw-berlin.de\/en\/#organization"},"potentialAction":[{"@type":"SearchAction","target":{"@type":"EntryPoint","urlTemplate":"https:\/\/www.mgw-berlin.de\/en\/?s={search_term_string}"},"query-input":{"@type":"PropertyValueSpecification","valueRequired":true,"valueName":"search_term_string"}}],"inLanguage":"en-US"},{"@type":"Organization","@id":"https:\/\/www.mgw-berlin.de\/en\/#organization","name":"MGW Gleis- und Weichenbau-GmbH & Co. KG","url":"https:\/\/www.mgw-berlin.de\/en\/","logo":{"@type":"ImageObject","inLanguage":"en-US","@id":"https:\/\/www.mgw-berlin.de\/en\/#\/schema\/logo\/image\/","url":"https:\/\/www.mgw-berlin.de\/wp-content\/uploads\/2023\/04\/logo-mgw.png","contentUrl":"https:\/\/www.mgw-berlin.de\/wp-content\/uploads\/2023\/04\/logo-mgw.png","width":432,"height":114,"caption":"MGW Gleis- und Weichenbau-GmbH & Co. KG"},"image":{"@id":"https:\/\/www.mgw-berlin.de\/en\/#\/schema\/logo\/image\/"}}]}},"_links":{"self":[{"href":"https:\/\/www.mgw-berlin.de\/en\/wp-json\/wp\/v2\/pages\/17944","targetHints":{"allow":["GET"]}}],"collection":[{"href":"https:\/\/www.mgw-berlin.de\/en\/wp-json\/wp\/v2\/pages"}],"about":[{"href":"https:\/\/www.mgw-berlin.de\/en\/wp-json\/wp\/v2\/types\/page"}],"author":[{"embeddable":true,"href":"https:\/\/www.mgw-berlin.de\/en\/wp-json\/wp\/v2\/users\/5"}],"replies":[{"embeddable":true,"href":"https:\/\/www.mgw-berlin.de\/en\/wp-json\/wp\/v2\/comments?post=17944"}],"version-history":[{"count":4,"href":"https:\/\/www.mgw-berlin.de\/en\/wp-json\/wp\/v2\/pages\/17944\/revisions"}],"predecessor-version":[{"id":17984,"href":"https:\/\/www.mgw-berlin.de\/en\/wp-json\/wp\/v2\/pages\/17944\/revisions\/17984"}],"wp:attachment":[{"href":"https:\/\/www.mgw-berlin.de\/en\/wp-json\/wp\/v2\/media?parent=17944"}],"curies":[{"name":"wp","href":"https:\/\/api.w.org\/{rel}","templated":true}]}}